{"id":129,"date":"2022-07-15T14:14:35","date_gmt":"2022-07-15T13:14:35","guid":{"rendered":"https:\/\/demokratiresan.se\/?page_id=129"},"modified":"2025-12-18T19:45:11","modified_gmt":"2025-12-18T18:45:11","slug":"blimedlem","status":"publish","type":"page","link":"https:\/\/demokratiresan.se\/?page_id=129","title":{"rendered":"Bli medlem"},"content":{"rendered":"<p>[et_pb_section fb_built=&#8221;1&#8243; fullwidth=&#8221;on&#8221; _builder_version=&#8221;4.16&#8243; _module_preset=&#8221;default&#8221; global_colors_info=&#8221;{}&#8221;][et_pb_fullwidth_header title=&#8221;Bli medlem&#8221; text_orientation=&#8221;center&#8221; _builder_version=&#8221;4.17.6&#8243; _module_preset=&#8221;default&#8221; background_color=&#8221;#e15d2c&#8221; global_colors_info=&#8221;{}&#8221;][\/et_pb_fullwidth_header][\/et_pb_section][et_pb_section fb_built=&#8221;1&#8243; _builder_version=&#8221;4.16&#8243; _module_preset=&#8221;default&#8221; custom_padding=&#8221;36px|||||&#8221; global_colors_info=&#8221;{}&#8221;][et_pb_row column_structure=&#8221;1_2,1_2&#8243; _builder_version=&#8221;4.16&#8243; _module_preset=&#8221;default&#8221; global_colors_info=&#8221;{}&#8221;][et_pb_column type=&#8221;1_2&#8243; _builder_version=&#8221;4.16&#8243; _module_preset=&#8221;default&#8221; global_colors_info=&#8221;{}&#8221;][et_pb_text _builder_version=&#8221;4.16&#8243; _module_preset=&#8221;default&#8221; custom_margin=&#8221;||10px|||&#8221; custom_padding=&#8221;75px||3px|||&#8221; global_colors_info=&#8221;{}&#8221;]<\/p>\n<h1>Bli medlem<\/h1>\n<p>[\/et_pb_text][et_pb_text _builder_version=&#8221;4.16&#8243; _module_preset=&#8221;default&#8221; custom_margin=&#8221;-8px|||||&#8221; custom_padding=&#8221;0px||0px|||&#8221; global_colors_info=&#8221;{}&#8221;]<\/p>\n<p>F\u00f6r er som vill bli medlemmar i Demokratiresan och f\u00f6lja med och utforma v\u00e4gen fram\u00e5t kan bli det genom att betala in medlemsavgiften p\u00e5 150kr\/\u00e5r (50 kr f\u00f6r upp till 25 \u00e5r). Ni som \u00f6nskar anv\u00e4nda Swish kan g\u00f6ra det genom l\u00e4nken bredvid eller Swishnumret under bilden. \u00d6nskar ni betala till kontonummer eller kontant s\u00e5 \u00e4r ni v\u00e4lkomna att h\u00f6ra av er till medlemsansvarig Camilla Jansson. V\u00e4lkomna till Demokratiresan, ett parti d\u00e4r du som medlem blir h\u00f6rd och sedd \u00e4ven efter valet.<\/p>\n<p>[\/et_pb_text][\/et_pb_column][et_pb_column type=&#8221;1_2&#8243; _builder_version=&#8221;4.16&#8243; _module_preset=&#8221;default&#8221; global_colors_info=&#8221;{}&#8221;][et_pb_image src=&#8221;https:\/\/demokratiresan.se\/wp-content\/uploads\/2025\/12\/qr.png&#8221; _builder_version=&#8221;4.27.4&#8243; _module_preset=&#8221;default&#8221; alt=&#8221;qr150&#8243; title_text=&#8221;qr&#8221; hover_enabled=&#8221;0&#8243; sticky_enabled=&#8221;0&#8243;][\/et_pb_image][\/et_pb_column][\/et_pb_row][\/et_pb_section]<\/p>\n","protected":false},"excerpt":{"rendered":"<p>Bli medlemF\u00f6r er som vill bli medlemmar i Demokratiresan och f\u00f6lja med och utforma v\u00e4gen fram\u00e5t kan bli det genom att betala in medlemsavgiften p\u00e5 150kr\/\u00e5r (50 kr f\u00f6r upp till 25 \u00e5r). Ni som \u00f6nskar anv\u00e4nda Swish kan g\u00f6ra det genom l\u00e4nken bredvid eller Swishnumret under bilden. \u00d6nskar ni betala till kontonummer eller kontant [&hellip;]<\/p>\n","protected":false},"author":1,"featured_media":0,"parent":0,"menu_order":0,"comment_status":"closed","ping_status":"closed","template":"","meta":{"_et_pb_use_builder":"on","_et_pb_old_content":"","_et_gb_content_width":"","footnotes":""},"class_list":["post-129","page","type-page","status-publish","hentry"],"_links":{"self":[{"href":"https:\/\/demokratiresan.se\/index.php?rest_route=\/wp\/v2\/pages\/129","targetHints":{"allow":["GET"]}}],"collection":[{"href":"https:\/\/demokratiresan.se\/index.php?rest_route=\/wp\/v2\/pages"}],"about":[{"href":"https:\/\/demokratiresan.se\/index.php?rest_route=\/wp\/v2\/types\/page"}],"author":[{"embeddable":true,"href":"https:\/\/demokratiresan.se\/index.php?rest_route=\/wp\/v2\/users\/1"}],"replies":[{"embeddable":true,"href":"https:\/\/demokratiresan.se\/index.php?rest_route=%2Fwp%2Fv2%2Fcomments&post=129"}],"version-history":[{"count":7,"href":"https:\/\/demokratiresan.se\/index.php?rest_route=\/wp\/v2\/pages\/129\/revisions"}],"predecessor-version":[{"id":627,"href":"https:\/\/demokratiresan.se\/index.php?rest_route=\/wp\/v2\/pages\/129\/revisions\/627"}],"wp:attachment":[{"href":"https:\/\/demokratiresan.se\/index.php?rest_route=%2Fwp%2Fv2%2Fmedia&parent=129"}],"curies":[{"name":"wp","href":"https:\/\/api.w.org\/{rel}","templated":true}]}}