{"id":501,"date":"2024-12-01T20:14:01","date_gmt":"2024-12-01T19:14:01","guid":{"rendered":"https:\/\/demokratiresan.se\/?page_id=501"},"modified":"2026-03-03T10:38:22","modified_gmt":"2026-03-03T09:38:22","slug":"501-2","status":"publish","type":"page","link":"https:\/\/demokratiresan.se\/?page_id=501","title":{"rendered":"Lotteriet"},"content":{"rendered":"<p>[et_pb_section fb_built=&#8221;1&#8243; fullwidth=&#8221;on&#8221; _builder_version=&#8221;4.16&#8243; _module_preset=&#8221;default&#8221; global_colors_info=&#8221;{}&#8221;][et_pb_fullwidth_header title=&#8221;Demokratiresans lotteri 2025\/ 2026&#8243; text_orientation=&#8221;center&#8221; button_one_url=&#8221;@ET-DC@eyJkeW5hbWljIjp0cnVlLCJjb250ZW50IjoicG9zdF9saW5rX3VybF9wYWdlIiwic2V0dGluZ3MiOnsicG9zdF9pZCI6IjE5NiJ9fQ==@&#8221; _builder_version=&#8221;4.27.4&#8243; _dynamic_attributes=&#8221;button_one_url&#8221; _module_preset=&#8221;default&#8221; background_color=&#8221;#e15d2c&#8221; global_colors_info=&#8221;{}&#8221;]<\/p>\n<p>&nbsp;<\/p>\n<p>&nbsp;<\/p>\n<p dir=\"auto\"><strong>\u2728 God forts\u00e4ttning, Demokratiresan i Soten\u00e4s \u2728<\/strong><\/p>\n<p dir=\"auto\">I december 2025 fick alla hush\u00e5ll i Soten\u00e4s ett fint julkort i brevl\u00e5dan \u2013 fr\u00e5n oss p\u00e5 Demokratiresan!<\/p>\n<p dir=\"auto\">Men det \u00e4r inte vilket julkort som helst\u2026 Det \u00e4r en <strong>riktig lyckolott<\/strong> med ett unikt lottnummer!<\/p>\n<p dir=\"auto\">Spara lotten v\u00e4l \u2013 den g\u00e4ller \u00e4nda fram till <strong>valdagen den 13 september 2026<\/strong> och du kan vinna <strong>flera g\u00e5nger<\/strong> p\u00e5 samma lott!<\/p>\n<p dir=\"auto\">Varje m\u00e5nad fr\u00e5n december 2025 och hela 2026 kommer vi att dra vinnare. Tillsammans delar vi ut <strong>minst 20 priser<\/strong> \u2013 allt fr\u00e5n en h\u00e4rlig <strong>kryssning f\u00f6r tv\u00e5 med M\/S Soten<\/strong> en middag f\u00f6r tv\u00e5 p\u00e5 Hamnen 4 SM\u00f6gen, till en grym <strong>borrmaskin fr\u00e5n Makita (v\u00e4rde ca 4 000 kr)<\/strong> och massa andra fina vinster!<\/p>\n<p dir=\"auto\">S\u00e4tt upp lotten p\u00e5 kylsk\u00e5pet eller anslagstavlan hemma s\u00e5 den inte kommer bort. Den kan bli v\u00e4rd betydligt mer \u00e4n ett vanligt julkort\u2026 \ud83d\ude09<\/p>\n<p dir=\"auto\">Lycka till \u2013 vi h\u00e5ller tummarna extra h\u00e5rt f\u00f6r just DIG!<\/p>\n<p dir=\"auto\">Gott nytt \u00e5r! \u2764 Demokratiresan Soten\u00e4s<\/p>\n<p>&nbsp;<\/p>\n<p><i><\/i><\/p>\n<p><i><\/i><\/p>\n<p><em><\/em><\/p>\n<p><em><\/em><\/p>\n<p><em><\/em><\/p>\n<p>[\/et_pb_fullwidth_header][\/et_pb_section][et_pb_section fb_built=&#8221;1&#8243; _builder_version=&#8221;4.16&#8243; _module_preset=&#8221;default&#8221; custom_padding=&#8221;36px|||||&#8221; global_colors_info=&#8221;{}&#8221;][et_pb_row column_structure=&#8221;1_2,1_2&#8243; _builder_version=&#8221;4.16&#8243; _module_preset=&#8221;default&#8221; global_colors_info=&#8221;{}&#8221;][et_pb_column type=&#8221;1_2&#8243; _builder_version=&#8221;4.16&#8243; _module_preset=&#8221;default&#8221; global_colors_info=&#8221;{}&#8221;][et_pb_text _builder_version=&#8221;4.16&#8243; _module_preset=&#8221;default&#8221; custom_margin=&#8221;||10px|||&#8221; custom_padding=&#8221;78px||0px|||&#8221; global_colors_info=&#8221;{}&#8221;]<\/p>\n<h1>Demokratiresans lotteri 2025\/ 2026<\/h1>\n<p>[\/et_pb_text][et_pb_text _builder_version=&#8221;4.16&#8243; _module_preset=&#8221;default&#8221; custom_margin=&#8221;-8px|||||&#8221; custom_padding=&#8221;0px|||||&#8221; global_colors_info=&#8221;{}&#8221;]<\/p>\n<p>Vinster precenteras varje m\u00e5nad med sista dragning 13\/9-2026. Spara lotten<\/p>\n<p><strong>250 dagar till val! 13 dag Jul.<br \/><\/strong><strong>6\/1 Vinnaren vinner en kryssning f\u00f6r tv\u00e5 inklusive v\u00e4stkustbuff\u00e9 till ett v\u00e4rde p\u00e5 1300kr!<\/strong><strong>\ud83d\udc4f\ud83c\udffc\ud83d\udc4f\ud83c\udffc\ud83c\udf89<\/strong><strong> <br \/>Lott nr : 2146<\/strong><\/p>\n<p>24\/12 vinnaren f\u00e5r en h\u00e4rlig vardagslunch f\u00f6r tv\u00e5 personer p\u00e5 en av kommunens fina restauranger \u2013 perfekt f\u00f6r att fira julen eller vardagen lite extra! \ud83c\udf7d\ufe0f<br \/>Lott nr : 5840<\/p>\n<p>\u00a024\/12 2:a vinnaren vinner en exklusiv sk\u00e4rbr\u00e4da i FSC-certifierad mahogny fr\u00e5n Bovalls D\u00f6rrbyggeri i Bovallstrand. Handgjord kvalitet med Bohusl\u00e4nsk k\u00e4rlek \u2013 v\u00e4rde 2400 kr! \ud83c\udf3f\ud83e\udeb5<br \/>Lott nr : 6563<\/p>\n<p>\u00a024\/12 3:e vinnaren f\u00e5r en rej\u00e4l Makita 18-volts skruvdragare \u2013 redo f\u00f6r alla hemmafixprojekt i det nya \u00e5ret! \ud83d\udd27\ud83d\udcaa<br \/>Lott nr : 2912<\/p>\n<p>Stort Grattis till vinnande lotten med nr 3510 som vinner en kryssning f\u00f6r tv\u00e5 inklusive v\u00e4stkustbuff\u00e9 till ett v\u00e4rde p\u00e5 1300kr!\ud83d\udc4f\ud83c\udffc\u00a0<br \/>Lott nr : 3510\u00a0<strong><\/strong><\/p>\n<p><strong>1\/2 -26 <\/strong><strong>Grattis till en resa f\u00f6r 2 med sk\u00e4rg\u00e5rdsbuffe med Soten: <\/strong><strong>Lott 3865.<\/strong><\/p>\n<p><strong><\/strong><\/p>\n<p>Grattis till en lunch f\u00f6r tv\u00e5 p\u00e5 en av kommunens restauranter. Lott nr:\u00a0<strong><\/strong><strong style=\"font-size: 18px;\">1223.<\/strong><\/p>\n<p><strong style=\"font-size: 18px;\">Stort Grattis till vinnande lotten med nr 6101 som vinner en kryssning f\u00f6r tv\u00e5 inklusive v\u00e4stkustbuff\u00e9 till ett v\u00e4rde p\u00e5 1300kr!\ud83d\udc4f\ud83c\udffc\u00a0<br \/>Lott nr : 6101\u00a0<\/strong><\/p>\n<p><strong style=\"font-size: 18px;\"><\/strong><\/p>\n<p>\ud83d\udfe0 Vill du bli medlem eller bara st\u00f6tta oss s\u00e5 \u00e4r det s\u00e5klart v\u00e4lkommet.\u00a0Swisha 150 kr till 123 541 0287 redan nu f\u00f6r medlemskap 2025\u00a0Skriv email och personnummer.<\/p>\n<p>Annars kan du swisha valfritt st\u00f6d utan text f\u00f6r support.<\/p>\n<p>Alla hush\u00e5ll i Soten\u00e4s har f\u00e5tt en lott i sin brevl\u00e5da, spara dessa, ni kan vinna fina priser fram till 13\/9 2026.<\/p>\n<p>\ud83e\udde1 Du kan vinna flera g\u00e5nger p\u00e5 varje lott.<\/p>\n<p>Har du vunnit kan du mejla <a href=\"mailto:kontakt@demokratiresan.se\">kontakt@demokratiresan.se<\/a>, eller sms\/ringa till Camilla 0706 950 792 s\u00e5 l\u00f6ser vi s\u00e5 du f\u00e5r din vinst.<\/p>\n<p>Har du inte f\u00e5tt n\u00e5gon lott, kontakta oss omg\u00e5ende.<\/p>\n<p><a href=\"mailto:kontakt@demokratiresan.se\">kontakt@demokratiresan.se<\/a><\/p>\n<p>Stort grattis \ud83e\udd73\u00a0<\/p>\n<p>&nbsp;<\/p>\n<p>[\/et_pb_text][\/et_pb_column][et_pb_column type=&#8221;1_2&#8243; _builder_version=&#8221;4.16&#8243; _module_preset=&#8221;default&#8221; global_colors_info=&#8221;{}&#8221;][\/et_pb_column][\/et_pb_row][\/et_pb_section][et_pb_section fb_built=&#8221;1&#8243; fullwidth=&#8221;on&#8221; _builder_version=&#8221;4.16&#8243; _module_preset=&#8221;default&#8221; global_colors_info=&#8221;{}&#8221;][et_pb_fullwidth_header title=&#8221;Bli medlem och f\u00e5 din r\u00f6st h\u00f6rd!&#8221; text_orientation=&#8221;center&#8221; _builder_version=&#8221;4.17.6&#8243; _dynamic_attributes=&#8221;link_option_url&#8221; _module_preset=&#8221;default&#8221; background_color=&#8221;#e15d2c&#8221; link_option_url=&#8221;@ET-DC@eyJkeW5hbWljIjp0cnVlLCJjb250ZW50IjoicG9zdF9saW5rX3VybF9wYWdlIiwic2V0dGluZ3MiOnsicG9zdF9pZCI6IjEyOSJ9fQ==@&#8221; global_colors_info=&#8221;{}&#8221;][\/et_pb_fullwidth_header][\/et_pb_section]<\/p>\n","protected":false},"excerpt":{"rendered":"<p>&nbsp; &nbsp; \u2728 God forts\u00e4ttning, Demokratiresan i Soten\u00e4s \u2728 I december 2025 fick alla hush\u00e5ll i Soten\u00e4s ett fint julkort i brevl\u00e5dan \u2013 fr\u00e5n oss p\u00e5 Demokratiresan! Men det \u00e4r inte vilket julkort som helst\u2026 Det \u00e4r en riktig lyckolott med ett unikt lottnummer! Spara lotten v\u00e4l \u2013 den g\u00e4ller \u00e4nda fram till valdagen den [&hellip;]<\/p>\n","protected":false},"author":2,"featured_media":0,"parent":0,"menu_order":6,"comment_status":"closed","ping_status":"closed","template":"","meta":{"_et_pb_use_builder":"on","_et_pb_old_content":"","_et_gb_content_width":"","footnotes":""},"class_list":["post-501","page","type-page","status-publish","hentry"],"_links":{"self":[{"href":"https:\/\/demokratiresan.se\/index.php?rest_route=\/wp\/v2\/pages\/501","targetHints":{"allow":["GET"]}}],"collection":[{"href":"https:\/\/demokratiresan.se\/index.php?rest_route=\/wp\/v2\/pages"}],"about":[{"href":"https:\/\/demokratiresan.se\/index.php?rest_route=\/wp\/v2\/types\/page"}],"author":[{"embeddable":true,"href":"https:\/\/demokratiresan.se\/index.php?rest_route=\/wp\/v2\/users\/2"}],"replies":[{"embeddable":true,"href":"https:\/\/demokratiresan.se\/index.php?rest_route=%2Fwp%2Fv2%2Fcomments&post=501"}],"version-history":[{"count":21,"href":"https:\/\/demokratiresan.se\/index.php?rest_route=\/wp\/v2\/pages\/501\/revisions"}],"predecessor-version":[{"id":673,"href":"https:\/\/demokratiresan.se\/index.php?rest_route=\/wp\/v2\/pages\/501\/revisions\/673"}],"wp:attachment":[{"href":"https:\/\/demokratiresan.se\/index.php?rest_route=%2Fwp%2Fv2%2Fmedia&parent=501"}],"curies":[{"name":"wp","href":"https:\/\/api.w.org\/{rel}","templated":true}]}}