{"id":8,"date":"2022-01-24T15:52:27","date_gmt":"2022-01-24T15:52:27","guid":{"rendered":"https:\/\/demokratiresan.se\/?page_id=8"},"modified":"2026-04-14T18:35:56","modified_gmt":"2026-04-14T17:35:56","slug":"start","status":"publish","type":"page","link":"https:\/\/demokratiresan.se\/","title":{"rendered":"Start"},"content":{"rendered":"<p>[et_pb_section fb_built=&#8221;1&#8243; fullwidth=&#8221;on&#8221; _builder_version=&#8221;4.16&#8243; _module_preset=&#8221;default&#8221; global_colors_info=&#8221;{}&#8221;][et_pb_fullwidth_header title=&#8221;Demokratiresan v\u00e4lkomnar dig &#8221; subhead=&#8221;V\u00e4lkommen till \u00c5RSm\u00f6te 2026-04-15 kl.18. &#8221; text_orientation=&#8221;center&#8221; button_one_text=&#8221;Anm\u00e4l dig till medlemsm\u00f6tet&#8221; button_one_url=&#8221;@ET-DC@eyJkeW5hbWljIjp0cnVlLCJjb250ZW50IjoicG9zdF9saW5rX3VybF9wYWdlIiwic2V0dGluZ3MiOnsicG9zdF9pZCI6IjE5NiJ9fQ==@&#8221; _builder_version=&#8221;4.27.4&#8243; _dynamic_attributes=&#8221;button_one_url&#8221; _module_preset=&#8221;default&#8221; background_color=&#8221;#e15d2c&#8221; global_colors_info=&#8221;{}&#8221;]<\/p>\n<p><span><\/span><\/p>\n<p><span>\u00a0Kommunikation &#8211; Transparens &#8211; Demokrati<\/span><\/p>\n<h2><\/h2>\n<h2><em style=\"font-size: 26px;\">Soten\u00e4s riktiga opposition.\u00a0<\/em><em><\/em><\/h2>\n<h2><em>Arbetsm\u00f6te f\u00f6r ber\u00f6rda och nyfikna<\/em><\/h2>\n<p><em><\/em><\/p>\n<p><em>Kommande m\u00f6ten: \u00c5rsm\u00f6te, <i>Arbetsm<\/i>\u00f6ten sker i kommunhuset, Trygg\u00f6.<\/em><\/p>\n<ul>\n<li><\/li>\n<li><span style=\"font-size: 18px;\">2<\/span><i style=\"font-size: 18px;\"><strong><\/strong><\/i><\/li>\n<li>15\/4 \u00c5rsm\u00f6te<i style=\"font-size: 18px;\"><strong><\/strong><\/i><\/li>\n<li><strong>20\/4 inf\u00f6r KF<br \/>18\/5 arbetsm\u00f6te medlemmar<br \/>1\/6 arbetsm\u00f6te medlemmar<br \/>15\/6 arbetsm\u00f6te medlemmar<br \/><\/strong><\/li>\n<li><strong> <\/strong>\n<p><strong>F\u00f6ljande lotter har vunnit, se fliken &#8221;lotteriet&#8221;, lott: 3510, 5840, 6563, 2912,<\/strong><strong> 2146, 3865, 1223. 6101<\/strong><\/p>\n<p><strong>.<\/strong><\/p>\n<\/li>\n<\/ul>\n<p><strong><\/strong><\/p>\n<p><strong><\/strong><\/p>\n<p><strong><\/strong><\/p>\n<p><strong><\/strong><\/p>\n<p><em><\/em><\/p>\n<p><em><\/em><\/p>\n<p><em><\/em><\/p>\n<p>[\/et_pb_fullwidth_header][\/et_pb_section][et_pb_section fb_built=&#8221;1&#8243; _builder_version=&#8221;4.16&#8243; _module_preset=&#8221;default&#8221; custom_padding=&#8221;36px|||||&#8221; global_colors_info=&#8221;{}&#8221;][et_pb_row column_structure=&#8221;1_2,1_2&#8243; _builder_version=&#8221;4.16&#8243; _module_preset=&#8221;default&#8221; global_colors_info=&#8221;{}&#8221;][et_pb_column type=&#8221;1_2&#8243; _builder_version=&#8221;4.16&#8243; _module_preset=&#8221;default&#8221; global_colors_info=&#8221;{}&#8221;][et_pb_text _builder_version=&#8221;4.16&#8243; _module_preset=&#8221;default&#8221; custom_margin=&#8221;||10px|||&#8221; custom_padding=&#8221;78px||0px|||&#8221; global_colors_info=&#8221;{}&#8221;]<\/p>\n<h1>V\u00e4lkomna till Demokratiresan<\/h1>\n<p>[\/et_pb_text][et_pb_text _builder_version=&#8221;4.16&#8243; _module_preset=&#8221;default&#8221; custom_margin=&#8221;-8px|||||&#8221; custom_padding=&#8221;0px|||||&#8221; global_colors_info=&#8221;{}&#8221;]<\/p>\n<p>Demokratiresan, ett parti med Soten\u00e4s kommun och dess medborgares b\u00e4sta i siktet. Processen till b\u00e4ttre kommunikation, transparens och demokrati \u00e4r, enligt v\u00e5ra v\u00e4rderingar, en st\u00e4ndigt utvecklande process och ett slutm\u00e5l kan aldrig n\u00e5s. M\u00e5let \u00e4r resan och resan \u00e4r det vi kallar Demokratiresan. Resans kurs formas tillsammans med medlemmarna och de fr\u00e5gor som uppkommer.<\/p>\n<p>[\/et_pb_text][\/et_pb_column][et_pb_column type=&#8221;1_2&#8243; _builder_version=&#8221;4.16&#8243; _module_preset=&#8221;default&#8221; global_colors_info=&#8221;{}&#8221;][et_pb_image src=&#8221;https:\/\/demokratiresan.se\/wp-content\/uploads\/2022\/01\/segelbat.jpg&#8221; title_text=&#8221;segelbat&#8221; _builder_version=&#8221;4.16&#8243; _module_preset=&#8221;default&#8221; global_colors_info=&#8221;{}&#8221;][\/et_pb_image][\/et_pb_column][\/et_pb_row][\/et_pb_section][et_pb_section fb_built=&#8221;1&#8243; _builder_version=&#8221;4.16&#8243; _module_preset=&#8221;default&#8221; custom_padding=&#8221;36px|||||&#8221; global_colors_info=&#8221;{}&#8221;][et_pb_row column_structure=&#8221;3_5,2_5&#8243; _builder_version=&#8221;4.16&#8243; _module_preset=&#8221;default&#8221; global_colors_info=&#8221;{}&#8221;][et_pb_column type=&#8221;3_5&#8243; _builder_version=&#8221;4.16&#8243; _module_preset=&#8221;default&#8221; global_colors_info=&#8221;{}&#8221;][et_pb_text _builder_version=&#8221;4.16&#8243; _module_preset=&#8221;default&#8221; custom_margin=&#8221;||10px|||&#8221; custom_padding=&#8221;0px||0px|||&#8221; global_colors_info=&#8221;{}&#8221;]<\/p>\n<h1>Partiprogram<\/h1>\n<p>[\/et_pb_text][et_pb_text _builder_version=&#8221;4.16&#8243; _module_preset=&#8221;default&#8221; custom_margin=&#8221;-8px|||||&#8221; custom_padding=&#8221;0px||0px|||&#8221; global_colors_info=&#8221;{}&#8221;]<\/p>\n<p>Demokratiresan \u00e4r t\u00e4nkt att h\u00e5lla en kurs som utstakas tillsammans med partiets medlemmar. Det sker i relation till de fr\u00e5gor och omst\u00e4ndigheter som f\u00f6r stunden, samt n\u00e4rmaste framtiden, ligger inf\u00f6r oss allesammans. Idag \u00e4ndras v\u00e5ra liv och samh\u00e4llen p\u00e5 ett aktivt s\u00e4tt av lokala och globala h\u00e4ndelser, p\u00e5 ett s\u00e4tt som inte var m\u00f6jligt under tidigare generationer. \u00c4r det d\u00e5 verkligen m\u00f6jligt att s\u00e4tta samman ett statiskt partiprogram som ska h\u00e5lla under en period av fyra \u00e5r? Detta \u00e4r en av dom fr\u00e5gor som vi g\u00e4rna ser att medlemmar hj\u00e4lper oss att best\u00e4mma. Ett parti som aktivt ska agera f\u00f6r och tillsammans med medlemmar och inv\u00e5nare i v\u00e5rt samh\u00e4lle b\u00f6r \u00e4ven det vara flexibelt och transparent. Det b\u00f6r \u00e4ven ut\u00f6va en kommunikation och demokrati p\u00e5 en niv\u00e5 som passar in i 2020-talet. Vi \u00f6nskar d\u00e4rmed forma v\u00e5r gemensamma resa tillsammans med v\u00e5ra medlemmar f\u00f6r kommunen och dess medborgares b\u00e4sta i samtid och framtid.<\/p>\n<p><strong>Klicka p\u00e5 Sakfr\u00e5gor i menyn ovan f\u00f6r att l\u00e4sa mer<\/strong>.<\/p>\n<p>&nbsp;<\/p>\n<p>[\/et_pb_text][\/et_pb_column][et_pb_column type=&#8221;2_5&#8243; _builder_version=&#8221;4.16&#8243; _module_preset=&#8221;default&#8221; global_colors_info=&#8221;{}&#8221;][et_pb_image src=&#8221;https:\/\/demokratiresan.se\/wp-content\/uploads\/2022\/07\/logo-bara-D.png&#8221; title_text=&#8221;logo-bara-D&#8221; _builder_version=&#8221;4.17.6&#8243; _module_preset=&#8221;default&#8221; global_colors_info=&#8221;{}&#8221;][\/et_pb_image][\/et_pb_column][\/et_pb_row][\/et_pb_section][et_pb_section fb_built=&#8221;1&#8243; fullwidth=&#8221;on&#8221; _builder_version=&#8221;4.16&#8243; _module_preset=&#8221;default&#8221; global_colors_info=&#8221;{}&#8221;][et_pb_fullwidth_header title=&#8221;Bli medlem och f\u00e5 din r\u00f6st h\u00f6rd!&#8221; text_orientation=&#8221;center&#8221; _builder_version=&#8221;4.17.6&#8243; _dynamic_attributes=&#8221;link_option_url&#8221; _module_preset=&#8221;default&#8221; background_color=&#8221;#e15d2c&#8221; link_option_url=&#8221;@ET-DC@eyJkeW5hbWljIjp0cnVlLCJjb250ZW50IjoicG9zdF9saW5rX3VybF9wYWdlIiwic2V0dGluZ3MiOnsicG9zdF9pZCI6IjEyOSJ9fQ==@&#8221; global_colors_info=&#8221;{}&#8221;][\/et_pb_fullwidth_header][\/et_pb_section]<\/p>\n","protected":false},"excerpt":{"rendered":"<p>\u00a0Kommunikation &#8211; Transparens &#8211; Demokrati Soten\u00e4s riktiga opposition.\u00a0 Arbetsm\u00f6te f\u00f6r ber\u00f6rda och nyfikna Kommande m\u00f6ten: \u00c5rsm\u00f6te, Arbetsm\u00f6ten sker i kommunhuset, Trygg\u00f6. 2 15\/4 \u00c5rsm\u00f6te 20\/4 inf\u00f6r KF18\/5 arbetsm\u00f6te medlemmar1\/6 arbetsm\u00f6te medlemmar15\/6 arbetsm\u00f6te medlemmar F\u00f6ljande lotter har vunnit, se fliken &#8221;lotteriet&#8221;, lott: 3510, 5840, 6563, 2912, 2146, 3865, 1223. 6101 . V\u00e4lkomna till DemokratiresanDemokratiresan, ett parti [&hellip;]<\/p>\n","protected":false},"author":1,"featured_media":0,"parent":0,"menu_order":0,"comment_status":"closed","ping_status":"closed","template":"","meta":{"_et_pb_use_builder":"on","_et_pb_old_content":"","_et_gb_content_width":"","footnotes":""},"class_list":["post-8","page","type-page","status-publish","hentry"],"_links":{"self":[{"href":"https:\/\/demokratiresan.se\/index.php?rest_route=\/wp\/v2\/pages\/8","targetHints":{"allow":["GET"]}}],"collection":[{"href":"https:\/\/demokratiresan.se\/index.php?rest_route=\/wp\/v2\/pages"}],"about":[{"href":"https:\/\/demokratiresan.se\/index.php?rest_route=\/wp\/v2\/types\/page"}],"author":[{"embeddable":true,"href":"https:\/\/demokratiresan.se\/index.php?rest_route=\/wp\/v2\/users\/1"}],"replies":[{"embeddable":true,"href":"https:\/\/demokratiresan.se\/index.php?rest_route=%2Fwp%2Fv2%2Fcomments&post=8"}],"version-history":[{"count":168,"href":"https:\/\/demokratiresan.se\/index.php?rest_route=\/wp\/v2\/pages\/8\/revisions"}],"predecessor-version":[{"id":684,"href":"https:\/\/demokratiresan.se\/index.php?rest_route=\/wp\/v2\/pages\/8\/revisions\/684"}],"wp:attachment":[{"href":"https:\/\/demokratiresan.se\/index.php?rest_route=%2Fwp%2Fv2%2Fmedia&parent=8"}],"curies":[{"name":"wp","href":"https:\/\/api.w.org\/{rel}","templated":true}]}}